{"id":1529,"date":"2018-04-10T22:23:28","date_gmt":"2018-04-10T20:23:28","guid":{"rendered":"https:\/\/www.ride-relax.at\/motorrad-touren\/"},"modified":"2018-10-10T14:39:33","modified_gmt":"2018-10-10T12:39:33","slug":"motorbike-tours","status":"publish","type":"page","link":"https:\/\/www.ride-relax.at\/en\/holiday-salzburger-land\/motorbike-tours\/","title":{"rendered":"Motorbike Tours"},"content":{"rendered":"<div class=\"wpb-content-wrapper\"><p>[vc_row][vc_column][vc_column_text]<\/p>\n<h2>Enjoy tours along panoramic roads &amp; alpine passes in the region<\/h2>\n<h1>Scenic motorbike tours<\/h1>\n<p>[\/vc_column_text][\/vc_column][\/vc_row][vc_row][vc_column][vc_column_text]The region around our <a href=\"https:\/\/www.ride-relax.at\/en\/\">hotel<\/a> is a real paradise for motorbikers. Explore the magnificent alpine passes and twisty mountain roads winding their way through the picturesque mountain landscape. Our <strong>scenic adventure tours lead you over the <\/strong>Grossglockner high alpine road to historic towns, around legendary mountain ranges and to deep-blue lakes. Motorsports enthusiasts feel right at home in our <strong>motorbike hotel in Salzburger Land<\/strong> and take advantage of the numerous advantages. The central location in the heart of Salzburger Land makes our hotel popular amongst all types of bikers.[\/vc_column_text][\/vc_column][\/vc_row][vc_row][vc_column][vc_tta_accordion active_section=&#8221;1&#8243; collapsible_all=&#8221;true&#8221;][vc_tta_section title=&#8221;Grossglockner tour&#8221; tab_id=&#8221;1524052420084-8ad6fee1-8003&#8243;][vc_row_inner content_placement=&#8221;middle&#8221;][vc_column_inner width=&#8221;1\/2&#8243;][vc_single_image image=&#8221;542&#8243; img_size=&#8221;mittel&#8221; onclick=&#8221;link_image&#8221;][\/vc_column_inner][vc_column_inner width=&#8221;1\/2&#8243;][vc_column_text]<\/p>\n<ul>\n<li>Tour length: approx. 315 km<\/li>\n<li>Route: Eben &#8211; Radstadt &#8211; Obertauern &#8211; Mauterndorf &#8211; St. Michael &#8211; Katschberg &#8211; Spittal an der Drau &#8211; Oberdrauburg &#8211; Lienz &#8211; Iselsberg &#8211; Heiligenblut &#8211; Grossglockner high alpine road &#8211; Bruck an der Glocknerstrasse &#8211; St. Johann &#8211; Bischofshofen &#8211; Eben<\/li>\n<\/ul>\n<p>[\/vc_column_text][vc_btn title=&#8221;Map &amp; detailed tour description&#8221; align=&#8221;right&#8221; link=&#8221;url:https%3A%2F%2Fwww.salzburgersportwelt.com%2Fpdf%2FGrossglocknerrunde.pdf||target:%20_blank|&#8221;][\/vc_column_inner][\/vc_row_inner][\/vc_tta_section][vc_tta_section title=&#8221;Salzkammergut lakes tour&#8221; tab_id=&#8221;1524052106158-30c85452-da85&#8243;][vc_row_inner content_placement=&#8221;middle&#8221;][vc_column_inner width=&#8221;1\/2&#8243;][vc_single_image image=&#8221;543&#8243; img_size=&#8221;mittel&#8221; onclick=&#8221;link_image&#8221;][\/vc_column_inner][vc_column_inner width=&#8221;1\/2&#8243;][vc_column_text]<\/p>\n<ul>\n<li>Tour length: approx. 285 km<\/li>\n<li>Route: Eben &#8211; Abtenau &#8211; Postalmstrasse &#8211; St. Gilgen am Wolfgangsee &#8211; Mondsee &#8211; Unterach\/Attersee &#8211; Steinbach &#8211; Grossalm &#8211; Traunkirchen &#8211; Bad Ischl &#8211; Bad Aussee &#8211; Bad Mitterndorf &#8211; Unterburg &#8211; Weissenbach &#8211; Ramsau &#8211; Filzmoos &#8211; Eben<\/li>\n<\/ul>\n<p>[\/vc_column_text][vc_btn title=&#8221;Map &amp; detailed tour description&#8221; align=&#8221;right&#8221; link=&#8221;url:https%3A%2F%2Fwww.salzburgersportwelt.com%2Fpdf%2FSalzkammergut-Seenrunde.pdf||target:%20_blank|&#8221;][\/vc_column_inner][\/vc_row_inner][\/vc_tta_section][vc_tta_section title=&#8221;Watzmann tour&#8221; tab_id=&#8221;1524051718997-fca363e0-a5d7&#8243;][vc_row_inner content_placement=&#8221;middle&#8221;][vc_column_inner width=&#8221;1\/2&#8243;][vc_single_image image=&#8221;540&#8243; img_size=&#8221;mittel&#8221; onclick=&#8221;link_image&#8221;][\/vc_column_inner][vc_column_inner width=&#8221;1\/2&#8243;][vc_column_text]<\/p>\n<ul>\n<li>Tour length: approx. 196 km<\/li>\n<li>Route: Eben &#8211; Bischofshofen &#8211; M\u00fchlbach am Hochk\u00f6nig &#8211; Dientner Sattel &#8211; Dienten &#8211; Filzensattel &#8211; Saalfelden &#8211; Lofer &#8211; Ulrichsholz &#8211; Ramsau &#8211; Berchtesgaden &#8211; Markt Schellenberg &#8211; Hallein &#8211; Werfen &#8211; Bischofshofen &#8211; Eben<\/li>\n<\/ul>\n<p>[\/vc_column_text][vc_btn title=&#8221;Map &amp; detailed tour description&#8221; align=&#8221;right&#8221; link=&#8221;url:https%3A%2F%2Fwww.salzburgersportwelt.com%2Fpdf%2FWatzmannrunde.pdf||target:%20_blank|&#8221;][\/vc_column_inner][\/vc_row_inner][\/vc_tta_section][vc_tta_section title=&#8221;Dachstein-Tauern tour&#8221; tab_id=&#8221;1524051786629-697331e9-1936&#8243;][vc_row_inner content_placement=&#8221;middle&#8221;][vc_column_inner width=&#8221;1\/2&#8243;][vc_single_image image=&#8221;541&#8243; img_size=&#8221;mittel&#8221; onclick=&#8221;link_image&#8221;][\/vc_column_inner][vc_column_inner width=&#8221;1\/2&#8243;][vc_column_text]<\/p>\n<ul>\n<li>Tour length: approx. 270 km<\/li>\n<li>Route: Eben &#8211; Filzmoos &#8211; Ramsau am Dachstein &#8211; Schladming &#8211; Pruggern &#8211; Stein\/Enns &#8211; S\u00f6lkpass &#8211; Sch\u00f6der &#8211; Murau &#8211; Predlitz &#8211; Turracherh\u00f6he &#8211; Unterwinkl &#8211; Nockalm &#8211; Eisenh\u00f6he &#8211; Innerkrems &#8211; Kremsbr\u00fccke &#8211; Katschberg &#8211; St. Michael &#8211; Obertauern &#8211; Radstadt &#8211; Eben<\/li>\n<\/ul>\n<p>[\/vc_column_text][vc_btn title=&#8221;Map &amp; detailed tour description&#8221; align=&#8221;right&#8221; link=&#8221;url:https%3A%2F%2Fwww.salzburgersportwelt.com%2Fpdf%2FDachstein-Tauern-Runde.pdf||target:%20_blank|&#8221;][\/vc_column_inner][\/vc_row_inner][\/vc_tta_section][vc_tta_section title=&#8221;Hochk\u00f6nig tour incl. Zell am See&#8221; tab_id=&#8221;1524052612265-bbdc844d-ef3c&#8221;][vc_row_inner content_placement=&#8221;middle&#8221;][vc_column_inner width=&#8221;1\/2&#8243;][vc_single_image image=&#8221;544&#8243; img_size=&#8221;mittel&#8221; onclick=&#8221;link_image&#8221;][\/vc_column_inner][vc_column_inner width=&#8221;1\/2&#8243;][vc_column_text]<\/p>\n<ul>\n<li>Tour length: approx. 196 km<\/li>\n<li>Route: Eben &#8211; Reitdorf &#8211; Wagrain &#8211; St. Johann &#8211; Lend &#8211; Bruck &#8211; Maishofen &#8211; Saalfelden &#8211; Maria Alm &#8211; Filzensattel &#8211; Dienten &#8211; Dientnersattel &#8211; M\u00fchlbach am Hochk\u00f6nig &#8211; Bischofshofen &#8211; Eben<\/li>\n<\/ul>\n<p>[\/vc_column_text][vc_btn title=&#8221;Map &amp; detailed tour description&#8221; align=&#8221;right&#8221; link=&#8221;url:https%3A%2F%2Fwww.salzburgersportwelt.com%2Fpdf%2FZellersee-Hochkoenigrunde.pdf||target:%20_blank|&#8221;][\/vc_column_inner][\/vc_row_inner][\/vc_tta_section][\/vc_tta_accordion][\/vc_column][\/vc_row][vc_row][vc_column width=&#8221;1\/3&#8243;][vc_btn title=&#8221;Summer holiday&#8221; size=&#8221;lg&#8221; link=&#8221;url:https%3A%2F%2Fwww.ride-relax.at%2Fen%2Fholiday-salzburger-land%2Fsummer-holiday-eben%2F|||&#8221;][\/vc_column][vc_column width=&#8221;1\/3&#8243;][vc_btn title=&#8221;Sighseeing&#8221; size=&#8221;lg&#8221; link=&#8221;url:https%3A%2F%2Fwww.ride-relax.at%2Fen%2Fholiday-salzburger-land%2Fsightseeing%2F|||&#8221;][\/vc_column][vc_column width=&#8221;1\/3&#8243;][vc_btn title=&#8221;Weather&#8221; size=&#8221;lg&#8221; link=&#8221;url:https%3A%2F%2Fwww.ride-relax.at%2Fen%2Fholiday-salzburger-land%2Fweather%2F|||&#8221;][\/vc_column][\/vc_row]<\/p>\n<\/div>","protected":false},"excerpt":{"rendered":"<p>[vc_row][vc_column][vc_column_text] Enjoy tours along panoramic roads &amp; alpine passes in the region Scenic motorbike tours [\/vc_column_text][\/vc_column][\/vc_row][vc_row][vc_column][vc_column_text]The region around our hotel is a real paradise for motorbikers. Explore the magnificent alpine passes and twisty mountain roads winding their way through the picturesque mountain landscape. Our scenic adventure tours lead you over the Grossglockner high alpine road &hellip;<\/p>\n\n<p><a class=\"readmore btn btn-default btn-default btn-block\" href=\"https:\/\/www.ride-relax.at\/en\/holiday-salzburger-land\/motorbike-tours\/\">Read More<\/a><\/p>","protected":false},"author":4,"featured_media":1147,"parent":1536,"menu_order":0,"comment_status":"closed","ping_status":"closed","template":"","meta":{"_acf_changed":false,"footnotes":""},"class_list":["post-1529","page","type-page","status-publish","has-post-thumbnail","hentry"],"acf":[],"_links":{"self":[{"href":"https:\/\/www.ride-relax.at\/en\/wp-json\/wp\/v2\/pages\/1529","targetHints":{"allow":["GET"]}}],"collection":[{"href":"https:\/\/www.ride-relax.at\/en\/wp-json\/wp\/v2\/pages"}],"about":[{"href":"https:\/\/www.ride-relax.at\/en\/wp-json\/wp\/v2\/types\/page"}],"author":[{"embeddable":true,"href":"https:\/\/www.ride-relax.at\/en\/wp-json\/wp\/v2\/users\/4"}],"replies":[{"embeddable":true,"href":"https:\/\/www.ride-relax.at\/en\/wp-json\/wp\/v2\/comments?post=1529"}],"version-history":[{"count":0,"href":"https:\/\/www.ride-relax.at\/en\/wp-json\/wp\/v2\/pages\/1529\/revisions"}],"up":[{"embeddable":true,"href":"https:\/\/www.ride-relax.at\/en\/wp-json\/wp\/v2\/pages\/1536"}],"wp:featuredmedia":[{"embeddable":true,"href":"https:\/\/www.ride-relax.at\/en\/wp-json\/wp\/v2\/media\/1147"}],"wp:attachment":[{"href":"https:\/\/www.ride-relax.at\/en\/wp-json\/wp\/v2\/media?parent=1529"}],"curies":[{"name":"wp","href":"https:\/\/api.w.org\/{rel}","templated":true}]}}